{"id":5307,"date":"2024-09-20T18:02:45","date_gmt":"2024-09-20T18:02:45","guid":{"rendered":"http:\/\/Admin_Liliana"},"modified":"2024-09-20T18:02:45","modified_gmt":"2024-09-20T18:02:45","slug":"ancestral-panama-hat-2","status":"publish","type":"product","link":"https:\/\/kattuna.com\/worldwide\/product\/ancestral-panama-hat-2\/","title":{"rendered":"Fedora Cl\u00e1sico"},"content":{"rendered":"<p>Descubre la elegancia atemporal de nuestro Sombrero Fedora Cl\u00e1sico. Con un dise\u00f1o en blanco natural, ala recta y una sofisticada cinta de falla negra, este sombrero es el complemento ideal para cualquier ocasi\u00f3n. Perfecto para destacar con estilo, ya sea en un d\u00eda soleado o en una salida nocturna. \u00a1Hazlo tuyo y a\u00f1ade un toque de distinci\u00f3n a tu guardarropa!<\/p>\n","protected":false},"excerpt":{"rendered":"<p>Eleva tu estilo con nuestro Fedora Cl\u00e1sico. Un sombrero blanco natural con ala recta y elegante cinta negra. Perfecto para darle un toque de sofisticaci\u00f3n a cualquier look.<\/p>\n","protected":false},"featured_media":5338,"comment_status":"open","ping_status":"closed","template":"","meta":{"site-sidebar-layout":"default","site-content-layout":"default","ast-site-content-layout":"","site-content-style":"default","site-sidebar-style":"default","ast-global-header-display":"","ast-banner-title-visibility":"","ast-main-header-display":"","ast-hfb-above-header-display":"","ast-hfb-below-header-display":"","ast-hfb-mobile-header-display":"","site-post-title":"","ast-breadcrumbs-content":"","ast-featured-img":"","footer-sml-layout":"","theme-transparent-header-meta":"default","adv-header-id-meta":"","stick-header-meta":"","header-above-stick-meta":"","header-main-stick-meta":"","header-below-stick-meta":"","astra-migrate-meta-layouts":"default","ast-page-background-enabled":"default","ast-page-background-meta":{"desktop":{"background-color":"","background-image":"","background-repeat":"repeat","background-position":"center center","background-size":"auto","background-attachment":"scroll","background-type":"","background-media":"","overlay-type":"","overlay-color":"","overlay-opacity":"","overlay-gradient":""},"tablet":{"background-color":"","background-image":"","background-repeat":"repeat","background-position":"center center","background-size":"auto","background-attachment":"scroll","background-type":"","background-media":"","overlay-type":"","overlay-color":"","overlay-opacity":"","overlay-gradient":""},"mobile":{"background-color":"","background-image":"","background-repeat":"repeat","background-position":"center center","background-size":"auto","background-attachment":"scroll","background-type":"","background-media":"","overlay-type":"","overlay-color":"","overlay-opacity":"","overlay-gradient":""}},"ast-content-background-meta":{"desktop":{"background-color":"var(--ast-global-color-5)","background-image":"","background-repeat":"repeat","background-position":"center center","background-size":"auto","background-attachment":"scroll","background-type":"","background-media":"","overlay-type":"","overlay-color":"","overlay-opacity":"","overlay-gradient":""},"tablet":{"background-color":"var(--ast-global-color-5)","background-image":"","background-repeat":"repeat","background-position":"center center","background-size":"auto","background-attachment":"scroll","background-type":"","background-media":"","overlay-type":"","overlay-color":"","overlay-opacity":"","overlay-gradient":""},"mobile":{"background-color":"var(--ast-global-color-5)","background-image":"","background-repeat":"repeat","background-position":"center center","background-size":"auto","background-attachment":"scroll","background-type":"","background-media":"","overlay-type":"","overlay-color":"","overlay-opacity":"","overlay-gradient":""}}},"product_cat":[140,136,137],"product_tag":[61,147,148,149,150,151,157,158],"giftcard-category":[],"class_list":{"0":"post-5307","1":"product","2":"type-product","3":"status-publish","4":"has-post-thumbnail","6":"product_cat-para-ella","7":"product_cat-sombreros","8":"product_cat-tienda","9":"product_tag-sombrero","10":"product_tag-sombrero-clasico","11":"product_tag-sombrero-de-paja","12":"product_tag-sombrero-mujer","13":"product_tag-sombrero-panama","14":"product_tag-sombrerodemoda","15":"product_tag-sombrerosdepaja","16":"product_tag-sombrerosdeverano","17":"desktop-align-left","18":"tablet-align-left","19":"mobile-align-left","21":"first","22":"instock","23":"shipping-taxable","24":"purchasable","25":"product-type-variable"},"aioseo_notices":[],"_links":{"self":[{"href":"https:\/\/kattuna.com\/worldwide\/wp-json\/wp\/v2\/product\/5307"}],"collection":[{"href":"https:\/\/kattuna.com\/worldwide\/wp-json\/wp\/v2\/product"}],"about":[{"href":"https:\/\/kattuna.com\/worldwide\/wp-json\/wp\/v2\/types\/product"}],"replies":[{"embeddable":true,"href":"https:\/\/kattuna.com\/worldwide\/wp-json\/wp\/v2\/comments?post=5307"}],"version-history":[{"count":0,"href":"https:\/\/kattuna.com\/worldwide\/wp-json\/wp\/v2\/product\/5307\/revisions"}],"wp:featuredmedia":[{"embeddable":true,"href":"https:\/\/kattuna.com\/worldwide\/wp-json\/wp\/v2\/media\/5338"}],"wp:attachment":[{"href":"https:\/\/kattuna.com\/worldwide\/wp-json\/wp\/v2\/media?parent=5307"}],"wp:term":[{"taxonomy":"product_cat","embeddable":true,"href":"https:\/\/kattuna.com\/worldwide\/wp-json\/wp\/v2\/product_cat?post=5307"},{"taxonomy":"product_tag","embeddable":true,"href":"https:\/\/kattuna.com\/worldwide\/wp-json\/wp\/v2\/product_tag?post=5307"},{"taxonomy":"giftcard-category","embeddable":true,"href":"https:\/\/kattuna.com\/worldwide\/wp-json\/wp\/v2\/giftcard-category?post=5307"}],"curies":[{"name":"wp","href":"https:\/\/api.w.org\/{rel}","templated":true}]}}